{"id":425,"date":"2023-10-06T09:17:10","date_gmt":"2023-10-06T07:17:10","guid":{"rendered":"https:\/\/wewash.cz\/?page_id=425"},"modified":"2026-02-09T11:31:17","modified_gmt":"2026-02-09T10:31:17","slug":"home","status":"publish","type":"page","link":"https:\/\/wewash.cz\/","title":{"rendered":"Home"},"content":{"rendered":"<div class=\"wpb-content-wrapper\"><p>[vc_row full_width=&#8220;stretch_row&#8220; full_height=&#8220;yes&#8220; content_placement=&#8220;middle&#8220; css=&#8220;.vc_custom_1698063945517{background: #000000 url(https:\/\/wewash.cz\/wp-content\/uploads\/2023\/10\/Home2.jpg?id=525) !important;background-position: center !important;background-repeat: no-repeat !important;background-size: cover !important;}&#8220; el_class=&#8220;header&#8220; el_id=&#8220;home&#8220;][vc_column width=&#8220;1\/6&#8243;][\/vc_column][vc_column offset=&#8220;vc_col-md-8&#8243;][vc_column_text]<\/p>\n<h1 style=\"text-align: center;\">\u010cI\u0160T\u011aN\u00cd A P\u0158\u00cdPRAVA VOZ\u016e<\/h1>\n<p style=\"text-align: center;\">Na\u0161e zku\u0161enosti se zaji\u0161t\u011bn\u00edm v\u00fdznamn\u00fdch mezin\u00e1rodn\u00edch akc\u00ed mluv\u00ed za sebe. Jsme t\u00edm spr\u00e1vn\u00fdm partnerem pro komplexn\u00ed spr\u00e1vu va\u0161eho vozov\u00e9ho parku v r\u00e1mci \u010di\u0161t\u011bn\u00ed a dal\u0161\u00edch p\u0159\u00edprav voz\u016f.<br \/>\nNa\u0161e slu\u017eby jsou profesion\u00e1ln\u00ed, spolehliv\u00e9 a osl\u0148uj\u00edc\u00ed.<\/p>\n<p>[\/vc_column_text][\/vc_column][vc_column width=&#8220;1\/6&#8243;][\/vc_column][\/vc_row][vc_row el_class=&#8220;white-row&#8220;][vc_column el_class=&#8220;center-align&#8220;][vc_row_inner el_class=&#8220;center-rows&#8220;][vc_column_inner el_class=&#8220;pt-60 pb-60&#8243; offset=&#8220;vc_col-md-7&#8243;][vc_column_text]<\/p>\n<h2 style=\"text-align: center;\">SEZNAMTE SE<\/h2>\n<p>[\/vc_column_text][vc_column_text]<\/p>\n<p style=\"text-align: center;\">Na\u0161e spole\u010dnost se ji\u017e n\u011bkolik let zab\u00fdv\u00e1 komplexn\u00ed p\u0159\u00edpravou a \u010di\u0161t\u011bn\u00edm voz\u016f v \u010desku i v zahrani\u010d\u00ed. Na\u0161e snaha je b\u00fdt t\u00edm nejlep\u0161\u00edm partnerem ka\u017ed\u00e9mu, kdo chce z \u010di\u0161t\u011bn\u00ed voz\u016f ve sv\u00e9 firm\u011b ud\u011blat konkuren\u010dn\u00ed v\u00fdhodu.<\/p>\n<p>[\/vc_column_text][\/vc_column_inner][\/vc_row_inner][\/vc_column][\/vc_row][vc_row full_width=&#8220;stretch_row&#8220; el_class=&#8220;pb-110 eventy white-row&#8220; el_id=&#8220;eventy&#8220;][vc_column][vc_row_inner content_placement=&#8220;middle&#8220;][vc_column_inner width=&#8220;1\/2&#8243; offset=&#8220;vc_col-md-offset-0 vc_col-md-6 vc_col-sm-offset-0 vc_col-xs-12&#8243;][vc_single_image image=&#8220;508&#8243; img_size=&#8220;full&#8220;][\/vc_column_inner][vc_column_inner el_class=&#8220;text-pad-left&#8220; width=&#8220;5\/12&#8243;][vc_column_text]<\/p>\n<h3>Automobilov\u00e9 dealerstv\u00ed<\/h3>\n<p>Provozujete dealerstv\u00ed a chcete, aby v\u00e1\u0161 vozov\u00fd park byl oproti konkurenci ten nejlep\u0161\u00ed ? Nastav\u00edme proces myt\u00ed tak, aby byl v souladu s dal\u0161\u00edmi subjekty v dealerstv\u00ed. Zajist\u00edme v\u00e1m kompletn\u00ed materi\u00e1l pro pot\u0159ebn\u00fd koncept. Uleh\u010d\u00edme v\u00e1m starost s pro\u0161kolov\u00e1n\u00edm person\u00e1lu nebo n\u00e1borem nov\u00fdch pracovn\u00edk\u016f.[\/vc_column_text][\/vc_column_inner][\/vc_row_inner][vc_row_inner content_placement=&#8220;middle&#8220; el_class=&#8220;flip&#8220;][vc_column_inner el_class=&#8220;text-pad-right&#8220; width=&#8220;1\/2&#8243; offset=&#8220;vc_col-md-offset-1 vc_col-md-5 vc_col-xs-12&#8243;][vc_column_text]<\/p>\n<h3 style=\"text-align: right;\">Prezentace voz\u016f<\/h3>\n<p style=\"text-align: right;\">Dokonal\u00fd a reprezentativn\u00ed v\u016fz je v\u00fdsledkem na\u0161ich slu\u017eeb.<br \/>\nZrealizujeme \u00fadr\u017ebu a o\u0161et\u0159en\u00ed va\u0161eho vozu tak, aby z\u00e1kazn\u00edci poc\u00edt\u00edly ten nejlep\u0161\u00ed z\u00e1\u017eitek hned na prvn\u00ed pohled. D\u00edky na\u0161im zku\u0161enostem v\u00edme, jak v\u016fz o\u0161et\u0159it aby nejen z\u00e1\u0159il, ale tak\u00e9 se l\u00e9pe udr\u017eoval.<\/p>\n<p>[\/vc_column_text][\/vc_column_inner][vc_column_inner width=&#8220;1\/2&#8243; offset=&#8220;vc_col-md-6 vc_col-xs-12&#8243;][vc_single_image image=&#8220;509&#8243; img_size=&#8220;full&#8220;][\/vc_column_inner][\/vc_row_inner][vc_row_inner content_placement=&#8220;middle&#8220;][vc_column_inner width=&#8220;1\/2&#8243; offset=&#8220;vc_col-md-6 vc_col-xs-12&#8243;][vc_single_image image=&#8220;510&#8243; img_size=&#8220;full&#8220;][\/vc_column_inner][vc_column_inner el_class=&#8220;text-pad-left&#8220; width=&#8220;1\/2&#8243; offset=&#8220;vc_col-md-offset-0 vc_col-md-5 vc_col-xs-12&#8243;][vc_column_text]<\/p>\n<h3>Vozov\u00e9 parky<\/h3>\n<p>D\u00edky na\u0161\u00ed slu\u017eb\u011b mobiln\u00edho \u010di\u0161t\u011bn\u00ed nebudete muset p\u0159esouvat v\u0161echny vozy na myc\u00ed za\u0159\u00edzen\u00ed, my p\u0159ijedeme za v\u00e1mi. R\u00e1di v\u00e1m poskytneme i na\u0161\u00ed mobiln\u00ed platformu, kde u\u0161et\u0159\u00edte va\u0161e n\u00e1klady za projektov\u00e1n\u00ed stavby myc\u00edho za\u0159\u00edzen\u00ed a v\u00fdsledek bude perfektn\u00ed za v\u00fdrazn\u011b ni\u017e\u0161\u00ed n\u00e1klady.[\/vc_column_text][\/vc_column_inner][\/vc_row_inner][vc_row_inner content_placement=&#8220;middle&#8220; el_class=&#8220;flip&#8220;][vc_column_inner el_class=&#8220;text-pad-right&#8220; width=&#8220;1\/2&#8243; offset=&#8220;vc_col-md-offset-1 vc_col-md-5 vc_col-xs-12&#8243;][vc_column_text]<\/p>\n<h3 style=\"text-align: right;\">Consulting<\/h3>\n<p style=\"text-align: right;\">M\u00e1te ji\u017e sv\u00e9 z\u00e1zem\u00ed a pot\u0159ebujete ho efektivn\u011b a bez starost\u00ed vyu\u017e\u00edvat? Nastav\u00edme v\u00e1m myc\u00ed procesy a porad\u00edme jak \u00fadr\u017ebu vozidel p\u0159izp\u016fsobit nejl\u00e9pe va\u0161emu konceptu. Nejd\u0159\u00edve se pt\u00e1me na va\u0161e pot\u0159eby, a\u017e pot\u00e9 nab\u00edz\u00edme \u0159e\u0161en\u00ed. Individu\u00e1ln\u00ed p\u0159\u00edstup je kl\u00ed\u010dem k originalit\u011b va\u0161eho konceptu.<\/p>\n<p>[\/vc_column_text][\/vc_column_inner][vc_column_inner width=&#8220;1\/2&#8243; offset=&#8220;vc_col-md-6 vc_col-xs-12&#8243;][vc_single_image image=&#8220;511&#8243; img_size=&#8220;full&#8220;][\/vc_column_inner][\/vc_row_inner][vc_row_inner content_placement=&#8220;middle&#8220;][vc_column_inner width=&#8220;1\/2&#8243; offset=&#8220;vc_col-md-6 vc_col-xs-12&#8243;][vc_single_image image=&#8220;512&#8243; img_size=&#8220;full&#8220;][\/vc_column_inner][vc_column_inner el_class=&#8220;text-pad-left&#8220; width=&#8220;1\/2&#8243; offset=&#8220;vc_col-md-5 vc_col-xs-12&#8243;][vc_column_text]<\/p>\n<h3>Detailing<\/h3>\n<p>Prod\u00e1v\u00e1te ojet\u00e9 vozidla a chcete zv\u00fd\u0161it jejich hodnotu ? Prov\u00e1d\u00edme strojn\u00ed le\u0161t\u011bn\u00ed karos\u00e9rie a korekce laku. Dekontaminace laku od asfaltu a pol\u00e9tav\u00e9 rzi. Ochranu laku, aplikace keramick\u00e9 ochrany nebo vosk\u016f. \u010ci\u0161t\u011bn\u00ed k\u016f\u017ee a tepov\u00e1n\u00ed l\u00e1tkov\u00fdch \u010d\u00e1st\u00ed. Parn\u00ed \u010di\u0161t\u011bn\u00ed a dezinfekce. Na detailech n\u00e1m z\u00e1le\u017e\u00ed.[\/vc_column_text][\/vc_column_inner][\/vc_row_inner][\/vc_column][\/vc_row][vc_row full_width=&#8220;stretch_row_content&#8220; el_class=&#8220;white-row&#8220; el_id=&#8220;sluzby&#8220;][vc_column]            <div class=\"services-block pc\" style=\"background-image: url(https:\/\/wewash.cz\/wp-content\/uploads\/2023\/10\/AdobeStock_123403306-copy.jpg);\">\r\n                             \r\n            <div class=\"close\"><\/div>\r\n                <div class=\"container d-flex\">\r\n   \r\n                    <div class=\"left\">\r\n                        <div class=\"intro-text\">\r\n                            <h2>Dal\u0161\u00ed slu\u017eby<\/h2>\r\n                            <p>V r\u00e1mci eventu se postar\u00e1me i dal\u0161\u00ed slu\u017eby spojen\u00e9 se spr\u00e1vou va\u0161eho vozov\u00e9ho parku. Na\u0161\u00ed profesionalitu a smysl pro detail p\u0159en\u00e1\u0161\u00edme do dal\u0161\u00edch slu\u017eeb.<\/p>\r\n                        <\/div>\r\n\r\n                        <div class=\"content-blocks\">\r\n                                                            <div class=\"content-block content-id-0\">\r\n                                    <h3>shuttle service<\/h3>\r\n                                    <p>Poskytneme reprezentativn\u00ed \u0159idi\u010de se zku\u0161enost\u00ed v oboru. Na\u0161i \u0159idi\u010di jsou zku\u0161en\u00ed nejen v \u0159idi\u010dsk\u00fdch dovednostech, ale tak\u00e9 v komunikaci s hosty.<\/p>\r\n                                <\/div>\r\n                                                            <div class=\"content-block content-id-1\">\r\n                                    <h3>SET UP VOZ\u016e A LOGISTIKA<\/h3>\r\n                                    <p>Smysl pro detail realizujeme jak p\u0159i \u010di\u0161t\u011bn\u00ed voz\u016f, tak i p\u0159i setupov\u00e1n\u00ed testovac\u00edch voz\u016f. P\u0159esn\u00e9 rozestupy mezi vozidly vytv\u00e1\u0159ej\u00ed profesion\u00e1ln\u00ed dojem i o vozu samotn\u00e9m a my jsme si toho v\u011bdomi.<\/p>\r\n                                <\/div>\r\n                                                            <div class=\"content-block content-id-2\">\r\n                                    <h3>road scouting<\/h3>\r\n                                    <p>Vytvo\u0159\u00edme pro v\u00e1s mo\u017enosti zaj\u00edmav\u00fdch tras, kter\u00e9 budou v souladu se smyslem va\u0161\u00ed akce. Trasy navrhneme, projedeme a odprezentujeme n\u00e1vrhy, ze kter\u00fdch si m\u016f\u017eete vybrat.<\/p>\r\n                                <\/div>\r\n                                                            <div class=\"content-block content-id-3\">\r\n                                    <h3>konkuren\u010dn\u00ed vozy<\/h3>\r\n                                    <p>Na akci v\u00e1m za\u0159\u00edd\u00edme i ostatn\u00ed vozidla na va\u0161\u00ed \u017e\u00e1dost. Vy\u0159\u00edd\u00edme administrativu a logistiku a v\u016fz p\u0159istav\u00edme p\u0159\u00edmo na va\u0161\u00ed akci.<\/p>\r\n                                <\/div>\r\n                                                            <div class=\"content-block content-id-4\">\r\n                                    <h3>promot\u00e9\u0159i<\/h3>\r\n                                    <p>Pot\u0159ebujete v\u00e1\u0161 v\u016fz hezky odprezentovat nebo poskytnout reprezentativn\u00edm zp\u016fsobem reklamn\u00ed materi\u00e1ly ? Za\u0159\u00edd\u00edme v\u00e1m t\u00fdm promot\u00e9r\u016f a hostesek dle\u00a0va\u0161eho\u00a0zad\u00e1n\u00ed<\/p>\r\n                                <\/div>\r\n                                                    <\/div>\r\n\r\n                    <\/div>\r\n                    <div class=\"right\">\r\n                   \r\n                        <ul>\r\n                                                    <li data-id=\"content-id-0\">shuttle service<\/li>\r\n                                                    <li data-id=\"content-id-1\">SET UP VOZ\u016e A LOGISTIKA<\/li>\r\n                                                    <li data-id=\"content-id-2\">road scouting<\/li>\r\n                                                    <li data-id=\"content-id-3\">konkuren\u010dn\u00ed vozy<\/li>\r\n                                                    <li data-id=\"content-id-4\">promot\u00e9\u0159i<\/li>\r\n                                                <\/ul>\r\n                    <\/div>\r\n\r\n                <\/div>\r\n                <div class=\"overlay-content\">\r\n\r\n                <\/div>\r\n                <div class=\"underline-block\"><\/div>\r\n            <\/div>\r\n\r\n\r\n            <div class=\"services-block mobile\">\r\n                             \r\n            <div class=\"intro-text\">\r\n                                             <h2>Dal\u0161\u00ed slu\u017eby<\/h2>\r\n                                             <p>V r\u00e1mci eventu se postar\u00e1me i dal\u0161\u00ed slu\u017eby spojen\u00e9 se spr\u00e1vou va\u0161eho vozov\u00e9ho parku. Na\u0161\u00ed profesionalitu a smysl pro detail p\u0159en\u00e1\u0161\u00edme do dal\u0161\u00edch slu\u017eeb.<\/p>\r\n                                         <\/div>\r\n                 \r\n                 \r\n                                         <div class=\"dropdown-blocks\">\r\n                                                                                              <div class=\"dropdown-item\">\r\n                                                    <div class=\"title-dropdown\">\r\n                                                        <h3><img decoding=\"async\" src=\"https:\/\/wewash.cz\/wp-content\/themes\/wewash\/img\/arrow-down.svg\" \/> shuttle service<\/h3>\r\n                                                    <\/div>\r\n                                                    <div class=\"content-dropdown\">\r\n                                                        <p>Poskytneme reprezentativn\u00ed \u0159idi\u010de se zku\u0161enost\u00ed v oboru. Na\u0161i \u0159idi\u010di jsou zku\u0161en\u00ed nejen v \u0159idi\u010dsk\u00fdch dovednostech, ale tak\u00e9 v komunikaci s hosty.<\/p>\r\n                                                    <\/div>\r\n                                                 <\/div>\r\n                                                                                              <div class=\"dropdown-item\">\r\n                                                    <div class=\"title-dropdown\">\r\n                                                        <h3><img decoding=\"async\" src=\"https:\/\/wewash.cz\/wp-content\/themes\/wewash\/img\/arrow-down.svg\" \/> SET UP VOZ\u016e A LOGISTIKA<\/h3>\r\n                                                    <\/div>\r\n                                                    <div class=\"content-dropdown\">\r\n                                                        <p>Smysl pro detail realizujeme jak p\u0159i \u010di\u0161t\u011bn\u00ed voz\u016f, tak i p\u0159i setupov\u00e1n\u00ed testovac\u00edch voz\u016f. P\u0159esn\u00e9 rozestupy mezi vozidly vytv\u00e1\u0159ej\u00ed profesion\u00e1ln\u00ed dojem i o vozu samotn\u00e9m a my jsme si toho v\u011bdomi.<\/p>\r\n                                                    <\/div>\r\n                                                 <\/div>\r\n                                                                                              <div class=\"dropdown-item\">\r\n                                                    <div class=\"title-dropdown\">\r\n                                                        <h3><img decoding=\"async\" src=\"https:\/\/wewash.cz\/wp-content\/themes\/wewash\/img\/arrow-down.svg\" \/> road scouting<\/h3>\r\n                                                    <\/div>\r\n                                                    <div class=\"content-dropdown\">\r\n                                                        <p>Vytvo\u0159\u00edme pro v\u00e1s mo\u017enosti zaj\u00edmav\u00fdch tras, kter\u00e9 budou v souladu se smyslem va\u0161\u00ed akce. Trasy navrhneme, projedeme a odprezentujeme n\u00e1vrhy, ze kter\u00fdch si m\u016f\u017eete vybrat.<\/p>\r\n                                                    <\/div>\r\n                                                 <\/div>\r\n                                                                                              <div class=\"dropdown-item\">\r\n                                                    <div class=\"title-dropdown\">\r\n                                                        <h3><img decoding=\"async\" src=\"https:\/\/wewash.cz\/wp-content\/themes\/wewash\/img\/arrow-down.svg\" \/> konkuren\u010dn\u00ed vozy<\/h3>\r\n                                                    <\/div>\r\n                                                    <div class=\"content-dropdown\">\r\n                                                        <p>Na akci v\u00e1m za\u0159\u00edd\u00edme i ostatn\u00ed vozidla na va\u0161\u00ed \u017e\u00e1dost. Vy\u0159\u00edd\u00edme administrativu a logistiku a v\u016fz p\u0159istav\u00edme p\u0159\u00edmo na va\u0161\u00ed akci.<\/p>\r\n                                                    <\/div>\r\n                                                 <\/div>\r\n                                                                                              <div class=\"dropdown-item\">\r\n                                                    <div class=\"title-dropdown\">\r\n                                                        <h3><img decoding=\"async\" src=\"https:\/\/wewash.cz\/wp-content\/themes\/wewash\/img\/arrow-down.svg\" \/> promot\u00e9\u0159i<\/h3>\r\n                                                    <\/div>\r\n                                                    <div class=\"content-dropdown\">\r\n                                                        <p>Pot\u0159ebujete v\u00e1\u0161 v\u016fz hezky odprezentovat nebo poskytnout reprezentativn\u00edm zp\u016fsobem reklamn\u00ed materi\u00e1ly ? Za\u0159\u00edd\u00edme v\u00e1m t\u00fdm promot\u00e9r\u016f a hostesek dle\u00a0va\u0161eho\u00a0zad\u00e1n\u00ed<\/p>\r\n                                                    <\/div>\r\n                                                 <\/div>\r\n                                                                                      <\/div>\r\n                 \r\n                            \r\n                 \r\n                                 <\/div>\r\n                    \r\n                \r\n                [\/vc_column][\/vc_row][vc_row full_width=&#8220;stretch_row&#8220; css=&#8220;.vc_custom_1696846791560{background: #000000 url(https:\/\/wewash.cz\/wp-content\/uploads\/2023\/10\/Pristup_wide-scaled.jpg?id=530) !important;background-position: center !important;background-repeat: no-repeat !important;background-size: cover !important;}&#8220; el_class=&#8220;white-text pb-110&#8243; el_id=&#8220;nas-pristup&#8220;][vc_column offset=&#8220;vc_col-md-offset-0&#8243;][vc_row_inner el_class=&#8220;pb-150 pt-100&#8243;][vc_column_inner width=&#8220;1\/4&#8243;][\/vc_column_inner][vc_column_inner width=&#8220;1\/2&#8243;][vc_column_text]<\/p>\n<h2 style=\"text-align: center;\">N\u00c1\u0160 P\u0158\u00cdSTUP<\/h2>\n<p>[\/vc_column_text][vc_column_text]<\/p>\n<p style=\"text-align: center;\">I kdy\u017e existuje mnoho poskytovatel\u016f podobn\u00fdch slu\u017eeb, ujist\u011bte se, \u017ee jsou zku\u0161en\u00ed a kvalifikovan\u00ed. U n\u00e1s si m\u016f\u017eete b\u00fdt jist\u00ed. Zajist\u00edme, aby slu\u017eba prob\u00edhala \u0159\u00e1dn\u011b a v\u010das a aby se V\u00e1m dostalo ve\u0161ker\u00e9 p\u00e9\u010de objednan\u00e9 prost\u0159ednictv\u00edm na\u0161\u00ed str\u00e1nky.<\/p>\n<p style=\"text-align: center;\">V t\u00fdmu WeWash pracuj\u00ed odborn\u00edci s dlouholetou prax\u00ed, kte\u0159\u00ed jsou nez\u00e1visl\u00ed a v p\u0159\u00edpad\u011b pot\u0159eby jsou schopni postarat se i o ve\u0161ker\u00e9 vybaven\u00ed a zdroje. M\u016f\u017eeme tak poskytovat slu\u017eby bez omezen\u00ed a dle Va\u0161ich p\u0159\u00e1n\u00ed. Pou\u017e\u00edv\u00e1me \u010distic\u00ed prost\u0159edky \u0161etrn\u00e9 k \u017eivotn\u00edmu prost\u0159ed\u00ed a povrchu voz\u016f.<\/p>\n<p>[\/vc_column_text][\/vc_column_inner][vc_column_inner width=&#8220;1\/4&#8243;][\/vc_column_inner][\/vc_row_inner][\/vc_column][\/vc_row][vc_row full_width=&#8220;stretch_row&#8220; el_class=&#8220;white-text&#8220; css=&#8220;.vc_custom_1696843504438{background-color: #000000 !important;}&#8220;][vc_column][vc_row_inner el_id=&#8220;nase-prace&#8220;][vc_column_inner width=&#8220;1\/4&#8243;][\/vc_column_inner][vc_column_inner width=&#8220;1\/2&#8243;][vc_column_text]<\/p>\n<h2 style=\"text-align: center;\">NA\u0160E PR\u00c1CE<\/h2>\n<p>[\/vc_column_text][\/vc_column_inner][vc_column_inner width=&#8220;1\/4&#8243;][\/vc_column_inner][vc_column_inner][vc_column_text]\r\n<div id=\"sb_instagram\"  class=\"sbi sbi_mob_col_1 sbi_tab_col_2 sbi_col_4 sbi_width_resp\" style=\"padding-bottom: 10px;width: 100%;\" data-feedid=\"sbi_4371186089595142#20\"  data-res=\"auto\" data-cols=\"4\" data-colsmobile=\"1\" data-colstablet=\"2\" data-num=\"20\" data-nummobile=\"\" data-shortcode-atts=\"{}\"  data-postid=\"425\" data-locatornonce=\"918e422af3\" data-sbi-flags=\"favorLocal\">\r\n\t\r\n    <div id=\"sbi_images\"  style=\"padding: 5px;\">\r\n\t\t    <\/div>\r\n\r\n\t<div id=\"sbi_load\" >\r\n\r\n\t\r\n\t\r\n<\/div>\r\n\r\n\t    <span class=\"sbi_resized_image_data\" data-feed-id=\"sbi_4371186089595142#20\" data-resized=\"[]\">\n\t<\/span>\n\t<\/div>\r\n\r\n[\/vc_column_text][\/vc_column_inner][\/vc_row_inner][\/vc_column][\/vc_row][vc_row full_width=&#8220;stretch_row&#8220; el_class=&#8220;white-text pb-60&#8243; css=&#8220;.vc_custom_1696845192643{background-color: #252425 !important;}&#8220; el_id=&#8220;kontakt&#8220;][vc_column][vc_row_inner][vc_column_inner width=&#8220;1\/4&#8243;][\/vc_column_inner][vc_column_inner offset=&#8220;vc_col-md-6&#8243;][vc_column_text]<\/p>\n<h2 style=\"text-align: center;\">P\u0158ESV\u011aD\u010cTE SE<br \/>\nO KVALIT\u011a nA\u0160\u00cd PR\u00c1CE<\/h2>\n<p>[\/vc_column_text][vc_column_text]<div role=\"form\" class=\"wpcf7\" id=\"wpcf7-f457-o1\" lang=\"cs-CZ\" dir=\"ltr\">\n<div class=\"screen-reader-response\"><\/div>\n<form action=\"\/index.php?rest_route=%2Fwp%2Fv2%2Fpages%2F425#wpcf7-f457-o1\" method=\"post\" class=\"wpcf7-form\" novalidate=\"novalidate\">\n<div style=\"display: none;\">\n<input type=\"hidden\" name=\"_wpcf7\" value=\"457\" \/>\n<input type=\"hidden\" name=\"_wpcf7_version\" value=\"5.1.1\" \/>\n<input type=\"hidden\" name=\"_wpcf7_locale\" value=\"cs_CZ\" \/>\n<input type=\"hidden\" name=\"_wpcf7_unit_tag\" value=\"wpcf7-f457-o1\" \/>\n<input type=\"hidden\" name=\"_wpcf7_container_post\" value=\"0\" \/>\n<input type=\"hidden\" name=\"g-recaptcha-response\" value=\"\" \/>\n<\/div>\n<p><label> <span class=\"title\">Jm\u00e9no<\/span><br \/>\n    <span class=\"wpcf7-form-control-wrap your-name\"><input type=\"text\" name=\"your-name\" value=\"\" size=\"40\" class=\"wpcf7-form-control wpcf7-text wpcf7-validates-as-required\" aria-required=\"true\" aria-invalid=\"false\" \/><\/span> <\/label><\/p>\n<p><label> <span class=\"title\">E-mail<\/span><br \/>\n    <span class=\"wpcf7-form-control-wrap your-email\"><input type=\"email\" name=\"your-email\" value=\"\" size=\"40\" class=\"wpcf7-form-control wpcf7-text wpcf7-email wpcf7-validates-as-required wpcf7-validates-as-email\" aria-required=\"true\" aria-invalid=\"false\" \/><\/span> <\/label><\/p>\n<p><label> <span class=\"title\">Zpr\u00e1va<\/span><br \/>\n    <span class=\"wpcf7-form-control-wrap your-message\"><textarea name=\"your-message\" cols=\"40\" rows=\"10\" class=\"wpcf7-form-control wpcf7-textarea\" aria-invalid=\"false\"><\/textarea><\/span> <\/label><\/p>\n<div class=\"contact-row\">\n<div class=\"item\">\n<p class=\"gpp\">Odesl\u00e1n\u00edm formul\u00e1\u0159e beru na v\u011bdom\u00ed zpracov\u00e1n\u00ed osobn\u00edch \u00fadaj\u016f dle <a href=\"https:\/\/wewash.cz\/wp-content\/uploads\/2025\/04\/Zasady_zpracovani_osobnich_udaju_WEWASH.pdf\" target=\"_blank\">Informa\u010dn\u00edho memoranda o zpracov\u00e1n\u00ed osobn\u00edch \u00fadaj\u016f.<\/a><\/p>\n<\/div>\n<div class=\"item\"><input type=\"submit\" value=\"Odeslat\" class=\"wpcf7-form-control wpcf7-submit\" \/><\/div>\n<\/div>\n<div class=\"wpcf7-response-output wpcf7-display-none\"><\/div><\/form><\/div>[\/vc_column_text][\/vc_column_inner][vc_column_inner width=&#8220;1\/4&#8243;][\/vc_column_inner][\/vc_row_inner][vc_row_inner][vc_column_inner width=&#8220;1\/4&#8243;][\/vc_column_inner][vc_column_inner offset=&#8220;vc_col-md-3 vc_col-xs-6&#8243;][vc_column_text]WeWash CZ s.r.o.<br \/>\nU Bulhara 1611\/3,<br \/>\n110 00 \u2013 Praha 1<br \/>\nI\u010c: 07170131[\/vc_column_text][\/vc_column_inner][vc_column_inner el_class=&#8220;contact-text&#8220; offset=&#8220;vc_col-md-3 vc_col-xs-6&#8243;][vc_column_text]<\/p>\n<p style=\"text-align: right;\">E: info@wewash.cz<br \/>\nT: +420 723 942 588<\/p>\n<p><a href=\"https:\/\/www.instagram.com\/wewash.cz\/\" target=\"_blank\" rel=\"noopener\"><img loading=\"lazy\" decoding=\"async\" class=\"wp-image-459 alignright\" src=\"https:\/\/wewash.cz\/wp-content\/uploads\/2023\/10\/instagram.png\" alt=\"\" width=\"18\" height=\"18\" \/><\/a>[\/vc_column_text][\/vc_column_inner][vc_column_inner width=&#8220;1\/4&#8243;][\/vc_column_inner][\/vc_row_inner][\/vc_column][\/vc_row]<\/p>\n<\/div>","protected":false},"excerpt":{"rendered":"<p>[vc_row full_width=&#8220;stretch_row&#8220; full_height=&#8220;yes&#8220; content_placement=&#8220;middle&#8220; css=&#8220;.vc_custom_1698063945517{background: #000000 url(https:\/\/wewash.cz\/wp-content\/uploads\/2023\/10\/Home2.jpg?id=525) !important;background-position: center !important;background-repeat: no-repeat !important;background-size: cover !important;}&#8220; el_class=&#8220;header&#8220; el_id=&#8220;home&#8220;][vc_column width=&#8220;1\/6&#8243;][\/vc_column][vc_column offset=&#8220;vc_col-md-8&#8243;][vc_column_text] \u010cI\u0160T\u011aN\u00cd A P\u0158\u00cdPRAVA VOZ\u016e Na\u0161e zku\u0161enosti se zaji\u0161t\u011bn\u00edm v\u00fdznamn\u00fdch mezin\u00e1rodn\u00edch akc\u00ed mluv\u00ed za sebe. Jsme t\u00edm spr\u00e1vn\u00fdm partnerem pro komplexn\u00ed spr\u00e1vu va\u0161eho vozov\u00e9ho parku v r\u00e1mci \u010di\u0161t\u011bn\u00ed a dal\u0161\u00edch p\u0159\u00edprav voz\u016f. Na\u0161e slu\u017eby jsou profesion\u00e1ln\u00ed, spolehliv\u00e9 a [&hellip;]<\/p>\n","protected":false},"author":1,"featured_media":0,"parent":0,"menu_order":0,"comment_status":"closed","ping_status":"closed","template":"","meta":{"footnotes":""},"class_list":["post-425","page","type-page","status-publish","hentry"],"aioseo_notices":[],"_links":{"self":[{"href":"https:\/\/wewash.cz\/index.php?rest_route=\/wp\/v2\/pages\/425","targetHints":{"allow":["GET"]}}],"collection":[{"href":"https:\/\/wewash.cz\/index.php?rest_route=\/wp\/v2\/pages"}],"about":[{"href":"https:\/\/wewash.cz\/index.php?rest_route=\/wp\/v2\/types\/page"}],"author":[{"embeddable":true,"href":"https:\/\/wewash.cz\/index.php?rest_route=\/wp\/v2\/users\/1"}],"replies":[{"embeddable":true,"href":"https:\/\/wewash.cz\/index.php?rest_route=%2Fwp%2Fv2%2Fcomments&post=425"}],"version-history":[{"count":93,"href":"https:\/\/wewash.cz\/index.php?rest_route=\/wp\/v2\/pages\/425\/revisions"}],"predecessor-version":[{"id":542,"href":"https:\/\/wewash.cz\/index.php?rest_route=\/wp\/v2\/pages\/425\/revisions\/542"}],"wp:attachment":[{"href":"https:\/\/wewash.cz\/index.php?rest_route=%2Fwp%2Fv2%2Fmedia&parent=425"}],"curies":[{"name":"wp","href":"https:\/\/api.w.org\/{rel}","templated":true}]}}